{"id":114,"date":"2022-03-12T09:34:21","date_gmt":"2022-03-12T08:34:21","guid":{"rendered":"https:\/\/siktab.se\/?page_id=114"},"modified":"2022-03-12T09:35:42","modified_gmt":"2022-03-12T08:35:42","slug":"etisk-kod","status":"publish","type":"page","link":"https:\/\/siktab.se\/?page_id=114","title":{"rendered":"Etisk kod"},"content":{"rendered":"\t\t<div data-elementor-type=\"wp-page\" data-elementor-id=\"114\" class=\"elementor elementor-114\">\n\t\t\t\t\t\t<section class=\"elementor-section elementor-top-section elementor-element elementor-element-0ffc5ab elementor-section-boxed elementor-section-height-default elementor-section-height-default\" data-id=\"0ffc5ab\" data-element_type=\"section\" data-e-type=\"section\">\n\t\t\t\t\t\t<div class=\"elementor-container elementor-column-gap-default\">\n\t\t\t\t\t<div class=\"elementor-column elementor-col-100 elementor-top-column elementor-element elementor-element-861b9d0\" data-id=\"861b9d0\" data-element_type=\"column\" data-e-type=\"column\">\n\t\t\t<div class=\"elementor-widget-wrap elementor-element-populated\">\n\t\t\t\t\t\t<div class=\"elementor-element elementor-element-0056bdf elementor-widget elementor-widget-text-editor\" data-id=\"0056bdf\" data-element_type=\"widget\" data-e-type=\"widget\" data-widget_type=\"text-editor.default\">\n\t\t\t\t<div class=\"elementor-widget-container\">\n\t\t\t\t\t\t\t\t\t<p><u>Etisk kod<\/u><br>SIKT till\u00e4mpar FROSIO:s etiska kod. Detta g\u00e4ller f\u00f6r s\u00e5v\u00e4l styrelse, inspekt\u00f6r och anst\u00e4llda som ska k\u00e4nna till dessa v\u00e4rderingar och \u00e4r skyldiga att anv\u00e4nda etiska riktlinjer vid utf\u00f6rande av arbetet. Uppdrag utf\u00f6rs professionellt med f\u00f6rsiktighet, integritet och saklighet. Arbetskontakter behandlas med artighet och respekt. Medvetenhet om etiska problem relaterade till m\u00e4nskliga r\u00e4ttigheter, milj\u00f6 och korruption finns.<br><br>Detta \u00e4r en \u00f6vergripande variant av de etiska koder vi till\u00e4mpar. En komplett finns att efterfr\u00e5ga vid behov och tillhandah\u00e5lls av bolaget.<br><br>Traditionell och vad som kan anses vara normal, svensk g\u00e4stfrihet i samband med kundkontakt betraktas som god ton och sed.<\/p>\t\t\t\t\t\t\t\t<\/div>\n\t\t\t\t<\/div>\n\t\t\t\t\t<\/div>\n\t\t<\/div>\n\t\t\t\t\t<\/div>\n\t\t<\/section>\n\t\t\t\t<\/div>\n\t\t","protected":false},"excerpt":{"rendered":"<p>Etisk kodSIKT till\u00e4mpar FROSIO:s etiska kod. Detta g\u00e4ller f\u00f6r s\u00e5v\u00e4l styrelse, inspekt\u00f6r och anst\u00e4llda som ska k\u00e4nna till dessa v\u00e4rderingar och \u00e4r skyldiga att anv\u00e4nda etiska riktlinjer vid utf\u00f6rande av arbetet. Uppdrag utf\u00f6rs professionellt med f\u00f6rsiktighet, integritet och saklighet. Arbetskontakter behandlas med artighet och respekt. Medvetenhet om etiska problem relaterade till m\u00e4nskliga r\u00e4ttigheter, milj\u00f6 och &#8230; <a title=\"Etisk kod\" class=\"read-more\" href=\"https:\/\/siktab.se\/?page_id=114\" aria-label=\"L\u00e4s mer om Etisk kod\">L\u00e4s mer<\/a><\/p>\n","protected":false},"author":1,"featured_media":0,"parent":0,"menu_order":0,"comment_status":"closed","ping_status":"closed","template":"","meta":{"footnotes":""},"class_list":["post-114","page","type-page","status-publish"],"yoast_head":"<!-- This site is optimized with the Yoast SEO plugin v27.3 - https:\/\/yoast.com\/product\/yoast-seo-wordpress\/ -->\n<title>Etisk kod - SIKT Svensk inspektion &amp; konsulttj\u00e4nst AB<\/title>\n<meta name=\"robots\" content=\"index, follow, max-snippet:-1, max-image-preview:large, max-video-preview:-1\" \/>\n<link rel=\"canonical\" href=\"https:\/\/siktab.se\/?page_id=114\" \/>\n<meta property=\"og:locale\" content=\"sv_SE\" \/>\n<meta property=\"og:type\" content=\"article\" \/>\n<meta property=\"og:title\" content=\"Etisk kod - SIKT Svensk inspektion &amp; konsulttj\u00e4nst AB\" \/>\n<meta property=\"og:description\" content=\"Etisk kodSIKT till\u00e4mpar FROSIO:s etiska kod. Detta g\u00e4ller f\u00f6r s\u00e5v\u00e4l styrelse, inspekt\u00f6r och anst\u00e4llda som ska k\u00e4nna till dessa v\u00e4rderingar och \u00e4r skyldiga att anv\u00e4nda etiska riktlinjer vid utf\u00f6rande av arbetet. Uppdrag utf\u00f6rs professionellt med f\u00f6rsiktighet, integritet och saklighet. Arbetskontakter behandlas med artighet och respekt. Medvetenhet om etiska problem relaterade till m\u00e4nskliga r\u00e4ttigheter, milj\u00f6 och ... L\u00e4s mer\" \/>\n<meta property=\"og:url\" content=\"https:\/\/siktab.se\/?page_id=114\" \/>\n<meta property=\"og:site_name\" content=\"SIKT Svensk inspektion &amp; konsulttj\u00e4nst AB\" \/>\n<meta property=\"article:modified_time\" content=\"2022-03-12T08:35:42+00:00\" \/>\n<meta name=\"twitter:card\" content=\"summary_large_image\" \/>\n<meta name=\"twitter:label1\" content=\"Ber\u00e4knad l\u00e4stid\" \/>\n\t<meta name=\"twitter:data1\" content=\"1 minut\" \/>\n<script type=\"application\/ld+json\" class=\"yoast-schema-graph\">{\"@context\":\"https:\\\/\\\/schema.org\",\"@graph\":[{\"@type\":\"WebPage\",\"@id\":\"https:\\\/\\\/siktab.se\\\/?page_id=114\",\"url\":\"https:\\\/\\\/siktab.se\\\/?page_id=114\",\"name\":\"Etisk kod - SIKT Svensk inspektion &amp; konsulttj\u00e4nst AB\",\"isPartOf\":{\"@id\":\"https:\\\/\\\/siktab.se\\\/#website\"},\"datePublished\":\"2022-03-12T08:34:21+00:00\",\"dateModified\":\"2022-03-12T08:35:42+00:00\",\"breadcrumb\":{\"@id\":\"https:\\\/\\\/siktab.se\\\/?page_id=114#breadcrumb\"},\"inLanguage\":\"sv-SE\",\"potentialAction\":[{\"@type\":\"ReadAction\",\"target\":[\"https:\\\/\\\/siktab.se\\\/?page_id=114\"]}]},{\"@type\":\"BreadcrumbList\",\"@id\":\"https:\\\/\\\/siktab.se\\\/?page_id=114#breadcrumb\",\"itemListElement\":[{\"@type\":\"ListItem\",\"position\":1,\"name\":\"Hem\",\"item\":\"https:\\\/\\\/siktab.se\\\/\"},{\"@type\":\"ListItem\",\"position\":2,\"name\":\"Etisk kod\"}]},{\"@type\":\"WebSite\",\"@id\":\"https:\\\/\\\/siktab.se\\\/#website\",\"url\":\"https:\\\/\\\/siktab.se\\\/\",\"name\":\"SIKT Svensk inspektion &amp; konsulttj\u00e4nst AB\",\"description\":\"SIKT Svensk inspektion &amp; konsulttj\u00e4nst AB frosio inspekt\u00f6r\",\"publisher\":{\"@id\":\"https:\\\/\\\/siktab.se\\\/#organization\"},\"potentialAction\":[{\"@type\":\"SearchAction\",\"target\":{\"@type\":\"EntryPoint\",\"urlTemplate\":\"https:\\\/\\\/siktab.se\\\/?s={search_term_string}\"},\"query-input\":{\"@type\":\"PropertyValueSpecification\",\"valueRequired\":true,\"valueName\":\"search_term_string\"}}],\"inLanguage\":\"sv-SE\"},{\"@type\":\"Organization\",\"@id\":\"https:\\\/\\\/siktab.se\\\/#organization\",\"name\":\"Sikt Siktab Svensk inspektion & konsulttj\u00e4nst AB\",\"url\":\"https:\\\/\\\/siktab.se\\\/\",\"logo\":{\"@type\":\"ImageObject\",\"inLanguage\":\"sv-SE\",\"@id\":\"https:\\\/\\\/siktab.se\\\/#\\\/schema\\\/logo\\\/image\\\/\",\"url\":\"https:\\\/\\\/siktab.se\\\/wp-content\\\/uploads\\\/2022\\\/03\\\/Logo-fran-pdf-2.png\",\"contentUrl\":\"https:\\\/\\\/siktab.se\\\/wp-content\\\/uploads\\\/2022\\\/03\\\/Logo-fran-pdf-2.png\",\"width\":284,\"height\":109,\"caption\":\"Sikt Siktab Svensk inspektion & konsulttj\u00e4nst AB\"},\"image\":{\"@id\":\"https:\\\/\\\/siktab.se\\\/#\\\/schema\\\/logo\\\/image\\\/\"},\"sameAs\":[\"https:\\\/\\\/www.linkedin.com\\\/in\\\/j\u00f6rgen-persson-718261209\\\/\"]}]}<\/script>\n<!-- \/ Yoast SEO plugin. -->","yoast_head_json":{"title":"Etisk kod - SIKT Svensk inspektion &amp; konsulttj\u00e4nst AB","robots":{"index":"index","follow":"follow","max-snippet":"max-snippet:-1","max-image-preview":"max-image-preview:large","max-video-preview":"max-video-preview:-1"},"canonical":"https:\/\/siktab.se\/?page_id=114","og_locale":"sv_SE","og_type":"article","og_title":"Etisk kod - SIKT Svensk inspektion &amp; konsulttj\u00e4nst AB","og_description":"Etisk kodSIKT till\u00e4mpar FROSIO:s etiska kod. Detta g\u00e4ller f\u00f6r s\u00e5v\u00e4l styrelse, inspekt\u00f6r och anst\u00e4llda som ska k\u00e4nna till dessa v\u00e4rderingar och \u00e4r skyldiga att anv\u00e4nda etiska riktlinjer vid utf\u00f6rande av arbetet. Uppdrag utf\u00f6rs professionellt med f\u00f6rsiktighet, integritet och saklighet. Arbetskontakter behandlas med artighet och respekt. Medvetenhet om etiska problem relaterade till m\u00e4nskliga r\u00e4ttigheter, milj\u00f6 och ... L\u00e4s mer","og_url":"https:\/\/siktab.se\/?page_id=114","og_site_name":"SIKT Svensk inspektion &amp; konsulttj\u00e4nst AB","article_modified_time":"2022-03-12T08:35:42+00:00","twitter_card":"summary_large_image","twitter_misc":{"Ber\u00e4knad l\u00e4stid":"1 minut"},"schema":{"@context":"https:\/\/schema.org","@graph":[{"@type":"WebPage","@id":"https:\/\/siktab.se\/?page_id=114","url":"https:\/\/siktab.se\/?page_id=114","name":"Etisk kod - SIKT Svensk inspektion &amp; konsulttj\u00e4nst AB","isPartOf":{"@id":"https:\/\/siktab.se\/#website"},"datePublished":"2022-03-12T08:34:21+00:00","dateModified":"2022-03-12T08:35:42+00:00","breadcrumb":{"@id":"https:\/\/siktab.se\/?page_id=114#breadcrumb"},"inLanguage":"sv-SE","potentialAction":[{"@type":"ReadAction","target":["https:\/\/siktab.se\/?page_id=114"]}]},{"@type":"BreadcrumbList","@id":"https:\/\/siktab.se\/?page_id=114#breadcrumb","itemListElement":[{"@type":"ListItem","position":1,"name":"Hem","item":"https:\/\/siktab.se\/"},{"@type":"ListItem","position":2,"name":"Etisk kod"}]},{"@type":"WebSite","@id":"https:\/\/siktab.se\/#website","url":"https:\/\/siktab.se\/","name":"SIKT Svensk inspektion &amp; konsulttj\u00e4nst AB","description":"SIKT Svensk inspektion &amp; konsulttj\u00e4nst AB frosio inspekt\u00f6r","publisher":{"@id":"https:\/\/siktab.se\/#organization"},"potentialAction":[{"@type":"SearchAction","target":{"@type":"EntryPoint","urlTemplate":"https:\/\/siktab.se\/?s={search_term_string}"},"query-input":{"@type":"PropertyValueSpecification","valueRequired":true,"valueName":"search_term_string"}}],"inLanguage":"sv-SE"},{"@type":"Organization","@id":"https:\/\/siktab.se\/#organization","name":"Sikt Siktab Svensk inspektion & konsulttj\u00e4nst AB","url":"https:\/\/siktab.se\/","logo":{"@type":"ImageObject","inLanguage":"sv-SE","@id":"https:\/\/siktab.se\/#\/schema\/logo\/image\/","url":"https:\/\/siktab.se\/wp-content\/uploads\/2022\/03\/Logo-fran-pdf-2.png","contentUrl":"https:\/\/siktab.se\/wp-content\/uploads\/2022\/03\/Logo-fran-pdf-2.png","width":284,"height":109,"caption":"Sikt Siktab Svensk inspektion & konsulttj\u00e4nst AB"},"image":{"@id":"https:\/\/siktab.se\/#\/schema\/logo\/image\/"},"sameAs":["https:\/\/www.linkedin.com\/in\/j\u00f6rgen-persson-718261209\/"]}]}},"_links":{"self":[{"href":"https:\/\/siktab.se\/index.php?rest_route=\/wp\/v2\/pages\/114","targetHints":{"allow":["GET"]}}],"collection":[{"href":"https:\/\/siktab.se\/index.php?rest_route=\/wp\/v2\/pages"}],"about":[{"href":"https:\/\/siktab.se\/index.php?rest_route=\/wp\/v2\/types\/page"}],"author":[{"embeddable":true,"href":"https:\/\/siktab.se\/index.php?rest_route=\/wp\/v2\/users\/1"}],"replies":[{"embeddable":true,"href":"https:\/\/siktab.se\/index.php?rest_route=%2Fwp%2Fv2%2Fcomments&post=114"}],"version-history":[{"count":7,"href":"https:\/\/siktab.se\/index.php?rest_route=\/wp\/v2\/pages\/114\/revisions"}],"predecessor-version":[{"id":121,"href":"https:\/\/siktab.se\/index.php?rest_route=\/wp\/v2\/pages\/114\/revisions\/121"}],"wp:attachment":[{"href":"https:\/\/siktab.se\/index.php?rest_route=%2Fwp%2Fv2%2Fmedia&parent=114"}],"curies":[{"name":"wp","href":"https:\/\/api.w.org\/{rel}","templated":true}]}}