{"id":36,"date":"2022-03-11T21:51:49","date_gmt":"2022-03-11T20:51:49","guid":{"rendered":"https:\/\/siktab.se\/?page_id=36"},"modified":"2022-03-12T10:34:04","modified_gmt":"2022-03-12T09:34:04","slug":"om","status":"publish","type":"page","link":"https:\/\/siktab.se\/?page_id=36","title":{"rendered":"Kontaktuppgifter"},"content":{"rendered":"\t\t<div data-elementor-type=\"wp-page\" data-elementor-id=\"36\" class=\"elementor elementor-36\">\n\t\t\t\t\t\t<section class=\"elementor-section elementor-top-section elementor-element elementor-element-d4c8536 elementor-section-boxed elementor-section-height-default elementor-section-height-default\" data-id=\"d4c8536\" data-element_type=\"section\" data-e-type=\"section\">\n\t\t\t\t\t\t<div class=\"elementor-container elementor-column-gap-default\">\n\t\t\t\t\t<div class=\"elementor-column elementor-col-100 elementor-top-column elementor-element elementor-element-8153bbf\" data-id=\"8153bbf\" data-element_type=\"column\" data-e-type=\"column\">\n\t\t\t<div class=\"elementor-widget-wrap elementor-element-populated\">\n\t\t\t\t\t\t<div class=\"elementor-element elementor-element-a7808b5 elementor-widget elementor-widget-text-editor\" data-id=\"a7808b5\" data-element_type=\"widget\" data-e-type=\"widget\" data-widget_type=\"text-editor.default\">\n\t\t\t\t<div class=\"elementor-widget-container\">\n\t\t\t\t\t\t\t\t\t<p><span style=\"text-decoration: underline;\">Kontaktuppgifter<br><\/span>Svensk inspektion &amp; konsulttj\u00e4nst AB<br>J\u00f6rgen Persson \/ Projektingenj\u00f6r<br>Immelnv\u00e4gen 11<br><span style=\"color: var(--contrast); background-color: var(--base-3);\">289 73 Immeln<br><\/span>Org.nr: 559355-4610<span style=\"color: var(--contrast); background-color: var(--base-3);\"><br><\/span><\/p>\n<p>FROSIO Surface Treatment cert. Insp. Level III No: 12447<br>Mobil: 0709-14 70 05<\/p>\n<p><span style=\"text-decoration: underline;\">E-mail<\/span><br><a href=\"mailto:jorgen@siktab.se\" target=\"_blank\" rel=\"noopener\">j<\/a>orgen snabel-a siktab.se<br>faktura snabel-a siktab.se<\/p>\t\t\t\t\t\t\t\t<\/div>\n\t\t\t\t<\/div>\n\t\t\t\t\t<\/div>\n\t\t<\/div>\n\t\t\t\t\t<\/div>\n\t\t<\/section>\n\t\t\t\t<\/div>\n\t\t","protected":false},"excerpt":{"rendered":"<p>KontaktuppgifterSvensk inspektion &amp; konsulttj\u00e4nst ABJ\u00f6rgen Persson \/ Projektingenj\u00f6rImmelnv\u00e4gen 11289 73 ImmelnOrg.nr: 559355-4610 FROSIO Surface Treatment cert. Insp. Level III No: 12447Mobil: 0709-14 70 05 E-mailjorgen snabel-a siktab.sefaktura snabel-a siktab.se<\/p>\n","protected":false},"author":1,"featured_media":0,"parent":0,"menu_order":0,"comment_status":"closed","ping_status":"closed","template":"","meta":{"footnotes":""},"class_list":["post-36","page","type-page","status-publish"],"yoast_head":"<!-- This site is optimized with the Yoast SEO plugin v27.3 - https:\/\/yoast.com\/product\/yoast-seo-wordpress\/ -->\n<title>Kontaktuppgifter - SIKT Svensk inspektion &amp; konsulttj\u00e4nst AB<\/title>\n<meta name=\"robots\" content=\"index, follow, max-snippet:-1, max-image-preview:large, max-video-preview:-1\" \/>\n<link rel=\"canonical\" href=\"https:\/\/siktab.se\/?page_id=36\" \/>\n<meta property=\"og:locale\" content=\"sv_SE\" \/>\n<meta property=\"og:type\" content=\"article\" \/>\n<meta property=\"og:title\" content=\"Kontaktuppgifter - SIKT Svensk inspektion &amp; konsulttj\u00e4nst AB\" \/>\n<meta property=\"og:description\" content=\"KontaktuppgifterSvensk inspektion &amp; konsulttj\u00e4nst ABJ\u00f6rgen Persson \/ Projektingenj\u00f6rImmelnv\u00e4gen 11289 73 ImmelnOrg.nr: 559355-4610 FROSIO Surface Treatment cert. Insp. Level III No: 12447Mobil: 0709-14 70 05 E-mailjorgen snabel-a siktab.sefaktura snabel-a siktab.se\" \/>\n<meta property=\"og:url\" content=\"https:\/\/siktab.se\/?page_id=36\" \/>\n<meta property=\"og:site_name\" content=\"SIKT Svensk inspektion &amp; konsulttj\u00e4nst AB\" \/>\n<meta property=\"article:modified_time\" content=\"2022-03-12T09:34:04+00:00\" \/>\n<meta name=\"twitter:card\" content=\"summary_large_image\" \/>\n<meta name=\"twitter:label1\" content=\"Ber\u00e4knad l\u00e4stid\" \/>\n\t<meta name=\"twitter:data1\" content=\"1 minut\" \/>\n<script type=\"application\/ld+json\" class=\"yoast-schema-graph\">{\"@context\":\"https:\\\/\\\/schema.org\",\"@graph\":[{\"@type\":\"WebPage\",\"@id\":\"https:\\\/\\\/siktab.se\\\/?page_id=36\",\"url\":\"https:\\\/\\\/siktab.se\\\/?page_id=36\",\"name\":\"Kontaktuppgifter - SIKT Svensk inspektion &amp; konsulttj\u00e4nst AB\",\"isPartOf\":{\"@id\":\"https:\\\/\\\/siktab.se\\\/#website\"},\"datePublished\":\"2022-03-11T20:51:49+00:00\",\"dateModified\":\"2022-03-12T09:34:04+00:00\",\"breadcrumb\":{\"@id\":\"https:\\\/\\\/siktab.se\\\/?page_id=36#breadcrumb\"},\"inLanguage\":\"sv-SE\",\"potentialAction\":[{\"@type\":\"ReadAction\",\"target\":[\"https:\\\/\\\/siktab.se\\\/?page_id=36\"]}]},{\"@type\":\"BreadcrumbList\",\"@id\":\"https:\\\/\\\/siktab.se\\\/?page_id=36#breadcrumb\",\"itemListElement\":[{\"@type\":\"ListItem\",\"position\":1,\"name\":\"Hem\",\"item\":\"https:\\\/\\\/siktab.se\\\/\"},{\"@type\":\"ListItem\",\"position\":2,\"name\":\"Kontaktuppgifter\"}]},{\"@type\":\"WebSite\",\"@id\":\"https:\\\/\\\/siktab.se\\\/#website\",\"url\":\"https:\\\/\\\/siktab.se\\\/\",\"name\":\"SIKT Svensk inspektion &amp; konsulttj\u00e4nst AB\",\"description\":\"SIKT Svensk inspektion &amp; konsulttj\u00e4nst AB frosio inspekt\u00f6r\",\"publisher\":{\"@id\":\"https:\\\/\\\/siktab.se\\\/#organization\"},\"potentialAction\":[{\"@type\":\"SearchAction\",\"target\":{\"@type\":\"EntryPoint\",\"urlTemplate\":\"https:\\\/\\\/siktab.se\\\/?s={search_term_string}\"},\"query-input\":{\"@type\":\"PropertyValueSpecification\",\"valueRequired\":true,\"valueName\":\"search_term_string\"}}],\"inLanguage\":\"sv-SE\"},{\"@type\":\"Organization\",\"@id\":\"https:\\\/\\\/siktab.se\\\/#organization\",\"name\":\"Sikt Siktab Svensk inspektion & konsulttj\u00e4nst AB\",\"url\":\"https:\\\/\\\/siktab.se\\\/\",\"logo\":{\"@type\":\"ImageObject\",\"inLanguage\":\"sv-SE\",\"@id\":\"https:\\\/\\\/siktab.se\\\/#\\\/schema\\\/logo\\\/image\\\/\",\"url\":\"https:\\\/\\\/siktab.se\\\/wp-content\\\/uploads\\\/2022\\\/03\\\/Logo-fran-pdf-2.png\",\"contentUrl\":\"https:\\\/\\\/siktab.se\\\/wp-content\\\/uploads\\\/2022\\\/03\\\/Logo-fran-pdf-2.png\",\"width\":284,\"height\":109,\"caption\":\"Sikt Siktab Svensk inspektion & konsulttj\u00e4nst AB\"},\"image\":{\"@id\":\"https:\\\/\\\/siktab.se\\\/#\\\/schema\\\/logo\\\/image\\\/\"},\"sameAs\":[\"https:\\\/\\\/www.linkedin.com\\\/in\\\/j\u00f6rgen-persson-718261209\\\/\"]}]}<\/script>\n<!-- \/ Yoast SEO plugin. -->","yoast_head_json":{"title":"Kontaktuppgifter - SIKT Svensk inspektion &amp; konsulttj\u00e4nst AB","robots":{"index":"index","follow":"follow","max-snippet":"max-snippet:-1","max-image-preview":"max-image-preview:large","max-video-preview":"max-video-preview:-1"},"canonical":"https:\/\/siktab.se\/?page_id=36","og_locale":"sv_SE","og_type":"article","og_title":"Kontaktuppgifter - SIKT Svensk inspektion &amp; konsulttj\u00e4nst AB","og_description":"KontaktuppgifterSvensk inspektion &amp; konsulttj\u00e4nst ABJ\u00f6rgen Persson \/ Projektingenj\u00f6rImmelnv\u00e4gen 11289 73 ImmelnOrg.nr: 559355-4610 FROSIO Surface Treatment cert. Insp. Level III No: 12447Mobil: 0709-14 70 05 E-mailjorgen snabel-a siktab.sefaktura snabel-a siktab.se","og_url":"https:\/\/siktab.se\/?page_id=36","og_site_name":"SIKT Svensk inspektion &amp; konsulttj\u00e4nst AB","article_modified_time":"2022-03-12T09:34:04+00:00","twitter_card":"summary_large_image","twitter_misc":{"Ber\u00e4knad l\u00e4stid":"1 minut"},"schema":{"@context":"https:\/\/schema.org","@graph":[{"@type":"WebPage","@id":"https:\/\/siktab.se\/?page_id=36","url":"https:\/\/siktab.se\/?page_id=36","name":"Kontaktuppgifter - SIKT Svensk inspektion &amp; konsulttj\u00e4nst AB","isPartOf":{"@id":"https:\/\/siktab.se\/#website"},"datePublished":"2022-03-11T20:51:49+00:00","dateModified":"2022-03-12T09:34:04+00:00","breadcrumb":{"@id":"https:\/\/siktab.se\/?page_id=36#breadcrumb"},"inLanguage":"sv-SE","potentialAction":[{"@type":"ReadAction","target":["https:\/\/siktab.se\/?page_id=36"]}]},{"@type":"BreadcrumbList","@id":"https:\/\/siktab.se\/?page_id=36#breadcrumb","itemListElement":[{"@type":"ListItem","position":1,"name":"Hem","item":"https:\/\/siktab.se\/"},{"@type":"ListItem","position":2,"name":"Kontaktuppgifter"}]},{"@type":"WebSite","@id":"https:\/\/siktab.se\/#website","url":"https:\/\/siktab.se\/","name":"SIKT Svensk inspektion &amp; konsulttj\u00e4nst AB","description":"SIKT Svensk inspektion &amp; konsulttj\u00e4nst AB frosio inspekt\u00f6r","publisher":{"@id":"https:\/\/siktab.se\/#organization"},"potentialAction":[{"@type":"SearchAction","target":{"@type":"EntryPoint","urlTemplate":"https:\/\/siktab.se\/?s={search_term_string}"},"query-input":{"@type":"PropertyValueSpecification","valueRequired":true,"valueName":"search_term_string"}}],"inLanguage":"sv-SE"},{"@type":"Organization","@id":"https:\/\/siktab.se\/#organization","name":"Sikt Siktab Svensk inspektion & konsulttj\u00e4nst AB","url":"https:\/\/siktab.se\/","logo":{"@type":"ImageObject","inLanguage":"sv-SE","@id":"https:\/\/siktab.se\/#\/schema\/logo\/image\/","url":"https:\/\/siktab.se\/wp-content\/uploads\/2022\/03\/Logo-fran-pdf-2.png","contentUrl":"https:\/\/siktab.se\/wp-content\/uploads\/2022\/03\/Logo-fran-pdf-2.png","width":284,"height":109,"caption":"Sikt Siktab Svensk inspektion & konsulttj\u00e4nst AB"},"image":{"@id":"https:\/\/siktab.se\/#\/schema\/logo\/image\/"},"sameAs":["https:\/\/www.linkedin.com\/in\/j\u00f6rgen-persson-718261209\/"]}]}},"_links":{"self":[{"href":"https:\/\/siktab.se\/index.php?rest_route=\/wp\/v2\/pages\/36","targetHints":{"allow":["GET"]}}],"collection":[{"href":"https:\/\/siktab.se\/index.php?rest_route=\/wp\/v2\/pages"}],"about":[{"href":"https:\/\/siktab.se\/index.php?rest_route=\/wp\/v2\/types\/page"}],"author":[{"embeddable":true,"href":"https:\/\/siktab.se\/index.php?rest_route=\/wp\/v2\/users\/1"}],"replies":[{"embeddable":true,"href":"https:\/\/siktab.se\/index.php?rest_route=%2Fwp%2Fv2%2Fcomments&post=36"}],"version-history":[{"count":30,"href":"https:\/\/siktab.se\/index.php?rest_route=\/wp\/v2\/pages\/36\/revisions"}],"predecessor-version":[{"id":139,"href":"https:\/\/siktab.se\/index.php?rest_route=\/wp\/v2\/pages\/36\/revisions\/139"}],"wp:attachment":[{"href":"https:\/\/siktab.se\/index.php?rest_route=%2Fwp%2Fv2%2Fmedia&parent=36"}],"curies":[{"name":"wp","href":"https:\/\/api.w.org\/{rel}","templated":true}]}}