{"id":5,"date":"2022-03-11T19:46:14","date_gmt":"2022-03-11T19:46:14","guid":{"rendered":"https:\/\/siktab.se\/?page_id=5"},"modified":"2022-03-22T18:09:09","modified_gmt":"2022-03-22T17:09:09","slug":"elementor-5","status":"publish","type":"page","link":"https:\/\/siktab.se\/","title":{"rendered":"Hem"},"content":{"rendered":"\t\t<div data-elementor-type=\"wp-page\" data-elementor-id=\"5\" class=\"elementor elementor-5\">\n\t\t\t\t\t\t<section class=\"elementor-section elementor-top-section elementor-element elementor-element-06e87c3 elementor-section-boxed elementor-section-height-default elementor-section-height-default\" data-id=\"06e87c3\" data-element_type=\"section\" data-e-type=\"section\">\n\t\t\t\t\t\t<div class=\"elementor-container elementor-column-gap-default\">\n\t\t\t\t\t<div class=\"elementor-column elementor-col-100 elementor-top-column elementor-element elementor-element-7041b52\" data-id=\"7041b52\" data-element_type=\"column\" data-e-type=\"column\">\n\t\t\t<div class=\"elementor-widget-wrap elementor-element-populated\">\n\t\t\t\t\t\t<div class=\"elementor-element elementor-element-4073556 elementor-widget elementor-widget-text-editor\" data-id=\"4073556\" data-element_type=\"widget\" data-e-type=\"widget\" data-widget_type=\"text-editor.default\">\n\t\t\t\t<div class=\"elementor-widget-container\">\n\t\t\t\t\t\t\t\t\t<p><u>SIKT\u00a0<span style=\"font-family: inherit; font-style: inherit; background-color: var(--base-3); color: var(--contrast);\">Svensk inspektion &amp; konsulttj\u00e4nst AB<br \/><\/span><\/u><span style=\"color: var(--contrast); background-color: var(--base-3);\">SIKT verkar inom omr\u00e5det ytbehandling, rostskyddsm\u00e5lning och industrilackering. SIKT \u00e4r ett oberoende f\u00f6retag, vars uppdrag \u00e4r att tillhandah\u00e5lla inspektion och konsultens expertis inom operativ verksamhet och produktion samt teknisk r\u00e5dgivning med verksamhetsst\u00f6d till f\u00f6retagsledning i mindre till medelstora f\u00f6retag.<\/span><\/p><p>F\u00f6retaget har en samlad branscherfarenhet sedan 1994 som str\u00e4cker sig fr\u00e5n diplomerad rostskyddsm\u00e5lare NIFAB, projektledning, transportledare och platschef med erfarenhet av arbete fr\u00e5n brandfarliga varor mindre omfattning och systematiskt brandskyddsarbete (SBA) till ledande befattning som operativ VD f\u00f6r en m\u00e5lningsstation och ledamot i mindre verkstadskoncern.<\/p><p>2021 styrktes SIKT:s kunskapsbank med en certifiering till FROSIO inspekt\u00f6r f\u00f6r att m\u00f6ta nya v\u00e4lgrundade krav. Best\u00e4llare som Vattenfall och Trafikverket kr\u00e4ver denna beh\u00f6righet vid \u00f6vervakning och inspektion av sina projekt d\u00e4r rostskyddsm\u00e5lning \u00e4r en del av uppdraget. Det f\u00f6rv\u00e4ntas att branschen i best\u00e4llarled kommer att f\u00f6lja efter p\u00e5 goda grunder.<\/p><p>Rostskyddsm\u00e5lning \u00e4r komplicerat och kostsamt eftersom h\u00e4nsyn m\u00e5ste tagas till tekniska, ekonomiska och milj\u00f6m\u00e4ssiga avv\u00e4ganden. SIKT kan verka som kunskapsbro mellan best\u00e4llare och entrepren\u00f6r f\u00f6re, under och efter projektet. En FROSIO Certifierad Surface Treatment Inspekt\u00f6r Level III uppn\u00e5r h\u00f6gsta niv\u00e5n f\u00f6r inspektion och konsulttj\u00e4nst n\u00e4r det g\u00e4ller ytbehandling. R\u00e4tt vald ytbehandling med tillh\u00f6rande inspektion \u00e4r avg\u00f6rande f\u00f6r livsl\u00e4ngd och funktion hos st\u00e5lkonstruktioner. \u00d6ver tid resulterar detta i planerade och l\u00e4gre underh\u00e5llskostnader, vilket i sin tur leder till ett gott rykte f\u00f6r produkterna p\u00e5 marknaden.<\/p><p>L\u00e5t SIKT bidra med kunskap f\u00f6r att \u00f6ka ert goodwillv\u00e4rde via aff\u00e4rsutveckling inom h\u00e5llbarhet. H\u00e5llbarhet idag \u00e4r en viktig del i det l\u00e5ngsiktiga milj\u00f6arbetet f\u00f6r alla f\u00f6retag och best\u00e4llarled med ambition att reducera sitt milj\u00f6avtryck.<\/p>\t\t\t\t\t\t\t\t<\/div>\n\t\t\t\t<\/div>\n\t\t\t\t\t<\/div>\n\t\t<\/div>\n\t\t\t\t\t<\/div>\n\t\t<\/section>\n\t\t\t\t<section class=\"elementor-section elementor-top-section elementor-element elementor-element-7ab26be elementor-section-boxed elementor-section-height-default elementor-section-height-default\" data-id=\"7ab26be\" data-element_type=\"section\" data-e-type=\"section\">\n\t\t\t\t\t\t<div class=\"elementor-container elementor-column-gap-default\">\n\t\t\t\t\t<div class=\"elementor-column elementor-col-33 elementor-top-column elementor-element elementor-element-73f8763\" data-id=\"73f8763\" data-element_type=\"column\" data-e-type=\"column\">\n\t\t\t<div class=\"elementor-widget-wrap elementor-element-populated\">\n\t\t\t\t\t\t<div class=\"elementor-element elementor-element-de71fcf elementor-widget elementor-widget-image\" data-id=\"de71fcf\" data-element_type=\"widget\" data-e-type=\"widget\" data-widget_type=\"image.default\">\n\t\t\t\t<div class=\"elementor-widget-container\">\n\t\t\t\t\t\t\t\t\t\t\t\t\t\t\t<img fetchpriority=\"high\" decoding=\"async\" width=\"900\" height=\"345\" src=\"https:\/\/siktab.se\/wp-content\/uploads\/2022\/03\/SIKTAB-logga-PMS-v3-1024x392.png\" class=\"attachment-large size-large wp-image-176\" alt=\"\" srcset=\"https:\/\/siktab.se\/wp-content\/uploads\/2022\/03\/SIKTAB-logga-PMS-v3-1024x392.png 1024w, https:\/\/siktab.se\/wp-content\/uploads\/2022\/03\/SIKTAB-logga-PMS-v3-300x115.png 300w, https:\/\/siktab.se\/wp-content\/uploads\/2022\/03\/SIKTAB-logga-PMS-v3-768x294.png 768w, https:\/\/siktab.se\/wp-content\/uploads\/2022\/03\/SIKTAB-logga-PMS-v3.png 1182w\" sizes=\"(max-width: 900px) 100vw, 900px\" \/>\t\t\t\t\t\t\t\t\t\t\t\t\t\t\t<\/div>\n\t\t\t\t<\/div>\n\t\t\t\t\t<\/div>\n\t\t<\/div>\n\t\t\t\t<div class=\"elementor-column elementor-col-33 elementor-top-column elementor-element elementor-element-0cecfb1\" data-id=\"0cecfb1\" data-element_type=\"column\" data-e-type=\"column\">\n\t\t\t<div class=\"elementor-widget-wrap elementor-element-populated\">\n\t\t\t\t\t\t<div class=\"elementor-element elementor-element-7dda18e elementor-widget elementor-widget-image\" data-id=\"7dda18e\" data-element_type=\"widget\" data-e-type=\"widget\" data-widget_type=\"image.default\">\n\t\t\t\t<div class=\"elementor-widget-container\">\n\t\t\t\t\t\t\t\t\t\t\t\t\t\t\t\t<a href=\"https:\/\/frosio-coating-inspector.com\" target=\"_blank\">\n\t\t\t\t\t\t\t<img decoding=\"async\" width=\"886\" height=\"308\" src=\"https:\/\/siktab.se\/wp-content\/uploads\/2022\/03\/frosio.png\" class=\"attachment-large size-large wp-image-55\" alt=\"\" srcset=\"https:\/\/siktab.se\/wp-content\/uploads\/2022\/03\/frosio.png 886w, https:\/\/siktab.se\/wp-content\/uploads\/2022\/03\/frosio-300x104.png 300w, https:\/\/siktab.se\/wp-content\/uploads\/2022\/03\/frosio-768x267.png 768w\" sizes=\"(max-width: 886px) 100vw, 886px\" \/>\t\t\t\t\t\t\t\t<\/a>\n\t\t\t\t\t\t\t\t\t\t\t\t\t\t\t<\/div>\n\t\t\t\t<\/div>\n\t\t\t\t\t<\/div>\n\t\t<\/div>\n\t\t\t\t<div class=\"elementor-column elementor-col-33 elementor-top-column elementor-element elementor-element-79e39a9\" data-id=\"79e39a9\" data-element_type=\"column\" data-e-type=\"column\">\n\t\t\t<div class=\"elementor-widget-wrap elementor-element-populated\">\n\t\t\t\t\t\t<div class=\"elementor-element elementor-element-24fe84b elementor-widget elementor-widget-image\" data-id=\"24fe84b\" data-element_type=\"widget\" data-e-type=\"widget\" data-widget_type=\"image.default\">\n\t\t\t\t<div class=\"elementor-widget-container\">\n\t\t\t\t\t\t\t\t\t\t\t\t\t\t\t\t<a href=\"https:\/\/kdn.se\/\" target=\"_blank\">\n\t\t\t\t\t\t\t<img decoding=\"async\" width=\"300\" height=\"140\" src=\"https:\/\/siktab.se\/wp-content\/uploads\/2022\/03\/kdn_logo.png\" class=\"attachment-large size-large wp-image-140\" alt=\"\" \/>\t\t\t\t\t\t\t\t<\/a>\n\t\t\t\t\t\t\t\t\t\t\t\t\t\t\t<\/div>\n\t\t\t\t<\/div>\n\t\t\t\t\t<\/div>\n\t\t<\/div>\n\t\t\t\t\t<\/div>\n\t\t<\/section>\n\t\t\t\t<\/div>\n\t\t","protected":false},"excerpt":{"rendered":"<p>SIKT&nbsp;Svensk inspektion &amp; konsulttj\u00e4nst AB SIKT verkar inom omr\u00e5det ytbehandling, rostskyddsm\u00e5lning och industrilackering. SIKT \u00e4r ett oberoende f\u00f6retag, vars uppdrag \u00e4r att tillhandah\u00e5lla inspektion och konsultens expertis inom operativ verksamhet och produktion samt teknisk r\u00e5dgivning med verksamhetsst\u00f6d till f\u00f6retagsledning i mindre till medelstora f\u00f6retag. F\u00f6retaget har en samlad branscherfarenhet sedan 1994 som str\u00e4cker sig fr\u00e5n &#8230; <a title=\"Hem\" class=\"read-more\" href=\"https:\/\/siktab.se\/\" aria-label=\"L\u00e4s mer om Hem\">L\u00e4s mer<\/a><\/p>\n","protected":false},"author":1,"featured_media":0,"parent":0,"menu_order":0,"comment_status":"closed","ping_status":"closed","template":"","meta":{"footnotes":""},"class_list":["post-5","page","type-page","status-publish"],"yoast_head":"<!-- This site is optimized with the Yoast SEO plugin v27.3 - https:\/\/yoast.com\/product\/yoast-seo-wordpress\/ -->\n<title>Hem - SIKT Svensk inspektion &amp; konsulttj\u00e4nst AB<\/title>\n<meta name=\"robots\" content=\"index, follow, max-snippet:-1, max-image-preview:large, max-video-preview:-1\" \/>\n<link rel=\"canonical\" href=\"https:\/\/siktab.se\/\" \/>\n<meta property=\"og:locale\" content=\"sv_SE\" \/>\n<meta property=\"og:type\" content=\"article\" \/>\n<meta property=\"og:title\" content=\"Hem - SIKT Svensk inspektion &amp; konsulttj\u00e4nst AB\" \/>\n<meta property=\"og:description\" content=\"SIKT&nbsp;Svensk inspektion &amp; konsulttj\u00e4nst AB SIKT verkar inom omr\u00e5det ytbehandling, rostskyddsm\u00e5lning och industrilackering. SIKT \u00e4r ett oberoende f\u00f6retag, vars uppdrag \u00e4r att tillhandah\u00e5lla inspektion och konsultens expertis inom operativ verksamhet och produktion samt teknisk r\u00e5dgivning med verksamhetsst\u00f6d till f\u00f6retagsledning i mindre till medelstora f\u00f6retag. F\u00f6retaget har en samlad branscherfarenhet sedan 1994 som str\u00e4cker sig fr\u00e5n ... L\u00e4s mer\" \/>\n<meta property=\"og:url\" content=\"https:\/\/siktab.se\/\" \/>\n<meta property=\"og:site_name\" content=\"SIKT Svensk inspektion &amp; konsulttj\u00e4nst AB\" \/>\n<meta property=\"article:modified_time\" content=\"2022-03-22T17:09:09+00:00\" \/>\n<meta property=\"og:image\" content=\"https:\/\/siktab.se\/wp-content\/uploads\/2022\/03\/SIKTAB-logga-PMS-v3-1024x392.png\" \/>\n<meta name=\"twitter:card\" content=\"summary_large_image\" \/>\n<meta name=\"twitter:label1\" content=\"Ber\u00e4knad l\u00e4stid\" \/>\n\t<meta name=\"twitter:data1\" content=\"2 minuter\" \/>\n<script type=\"application\/ld+json\" class=\"yoast-schema-graph\">{\"@context\":\"https:\\\/\\\/schema.org\",\"@graph\":[{\"@type\":\"WebPage\",\"@id\":\"https:\\\/\\\/siktab.se\\\/\",\"url\":\"https:\\\/\\\/siktab.se\\\/\",\"name\":\"Hem - SIKT Svensk inspektion &amp; konsulttj\u00e4nst AB\",\"isPartOf\":{\"@id\":\"https:\\\/\\\/siktab.se\\\/#website\"},\"primaryImageOfPage\":{\"@id\":\"https:\\\/\\\/siktab.se\\\/#primaryimage\"},\"image\":{\"@id\":\"https:\\\/\\\/siktab.se\\\/#primaryimage\"},\"thumbnailUrl\":\"https:\\\/\\\/siktab.se\\\/wp-content\\\/uploads\\\/2022\\\/03\\\/SIKTAB-logga-PMS-v3-1024x392.png\",\"datePublished\":\"2022-03-11T19:46:14+00:00\",\"dateModified\":\"2022-03-22T17:09:09+00:00\",\"breadcrumb\":{\"@id\":\"https:\\\/\\\/siktab.se\\\/#breadcrumb\"},\"inLanguage\":\"sv-SE\",\"potentialAction\":[{\"@type\":\"ReadAction\",\"target\":[\"https:\\\/\\\/siktab.se\\\/\"]}]},{\"@type\":\"ImageObject\",\"inLanguage\":\"sv-SE\",\"@id\":\"https:\\\/\\\/siktab.se\\\/#primaryimage\",\"url\":\"https:\\\/\\\/siktab.se\\\/wp-content\\\/uploads\\\/2022\\\/03\\\/SIKTAB-logga-PMS-v3.png\",\"contentUrl\":\"https:\\\/\\\/siktab.se\\\/wp-content\\\/uploads\\\/2022\\\/03\\\/SIKTAB-logga-PMS-v3.png\",\"width\":1182,\"height\":452},{\"@type\":\"BreadcrumbList\",\"@id\":\"https:\\\/\\\/siktab.se\\\/#breadcrumb\",\"itemListElement\":[{\"@type\":\"ListItem\",\"position\":1,\"name\":\"Hem\",\"item\":\"https:\\\/\\\/siktab.se\\\/\"},{\"@type\":\"ListItem\",\"position\":2,\"name\":\"Hem\"}]},{\"@type\":\"WebSite\",\"@id\":\"https:\\\/\\\/siktab.se\\\/#website\",\"url\":\"https:\\\/\\\/siktab.se\\\/\",\"name\":\"SIKT Svensk inspektion &amp; konsulttj\u00e4nst AB\",\"description\":\"SIKT Svensk inspektion &amp; konsulttj\u00e4nst AB frosio inspekt\u00f6r\",\"publisher\":{\"@id\":\"https:\\\/\\\/siktab.se\\\/#organization\"},\"potentialAction\":[{\"@type\":\"SearchAction\",\"target\":{\"@type\":\"EntryPoint\",\"urlTemplate\":\"https:\\\/\\\/siktab.se\\\/?s={search_term_string}\"},\"query-input\":{\"@type\":\"PropertyValueSpecification\",\"valueRequired\":true,\"valueName\":\"search_term_string\"}}],\"inLanguage\":\"sv-SE\"},{\"@type\":\"Organization\",\"@id\":\"https:\\\/\\\/siktab.se\\\/#organization\",\"name\":\"Sikt Siktab Svensk inspektion & konsulttj\u00e4nst AB\",\"url\":\"https:\\\/\\\/siktab.se\\\/\",\"logo\":{\"@type\":\"ImageObject\",\"inLanguage\":\"sv-SE\",\"@id\":\"https:\\\/\\\/siktab.se\\\/#\\\/schema\\\/logo\\\/image\\\/\",\"url\":\"https:\\\/\\\/siktab.se\\\/wp-content\\\/uploads\\\/2022\\\/03\\\/Logo-fran-pdf-2.png\",\"contentUrl\":\"https:\\\/\\\/siktab.se\\\/wp-content\\\/uploads\\\/2022\\\/03\\\/Logo-fran-pdf-2.png\",\"width\":284,\"height\":109,\"caption\":\"Sikt Siktab Svensk inspektion & konsulttj\u00e4nst AB\"},\"image\":{\"@id\":\"https:\\\/\\\/siktab.se\\\/#\\\/schema\\\/logo\\\/image\\\/\"},\"sameAs\":[\"https:\\\/\\\/www.linkedin.com\\\/in\\\/j\u00f6rgen-persson-718261209\\\/\"]}]}<\/script>\n<!-- \/ Yoast SEO plugin. -->","yoast_head_json":{"title":"Hem - SIKT Svensk inspektion &amp; konsulttj\u00e4nst AB","robots":{"index":"index","follow":"follow","max-snippet":"max-snippet:-1","max-image-preview":"max-image-preview:large","max-video-preview":"max-video-preview:-1"},"canonical":"https:\/\/siktab.se\/","og_locale":"sv_SE","og_type":"article","og_title":"Hem - SIKT Svensk inspektion &amp; konsulttj\u00e4nst AB","og_description":"SIKT&nbsp;Svensk inspektion &amp; konsulttj\u00e4nst AB SIKT verkar inom omr\u00e5det ytbehandling, rostskyddsm\u00e5lning och industrilackering. SIKT \u00e4r ett oberoende f\u00f6retag, vars uppdrag \u00e4r att tillhandah\u00e5lla inspektion och konsultens expertis inom operativ verksamhet och produktion samt teknisk r\u00e5dgivning med verksamhetsst\u00f6d till f\u00f6retagsledning i mindre till medelstora f\u00f6retag. F\u00f6retaget har en samlad branscherfarenhet sedan 1994 som str\u00e4cker sig fr\u00e5n ... L\u00e4s mer","og_url":"https:\/\/siktab.se\/","og_site_name":"SIKT Svensk inspektion &amp; konsulttj\u00e4nst AB","article_modified_time":"2022-03-22T17:09:09+00:00","og_image":[{"url":"https:\/\/siktab.se\/wp-content\/uploads\/2022\/03\/SIKTAB-logga-PMS-v3-1024x392.png","type":"","width":"","height":""}],"twitter_card":"summary_large_image","twitter_misc":{"Ber\u00e4knad l\u00e4stid":"2 minuter"},"schema":{"@context":"https:\/\/schema.org","@graph":[{"@type":"WebPage","@id":"https:\/\/siktab.se\/","url":"https:\/\/siktab.se\/","name":"Hem - SIKT Svensk inspektion &amp; konsulttj\u00e4nst AB","isPartOf":{"@id":"https:\/\/siktab.se\/#website"},"primaryImageOfPage":{"@id":"https:\/\/siktab.se\/#primaryimage"},"image":{"@id":"https:\/\/siktab.se\/#primaryimage"},"thumbnailUrl":"https:\/\/siktab.se\/wp-content\/uploads\/2022\/03\/SIKTAB-logga-PMS-v3-1024x392.png","datePublished":"2022-03-11T19:46:14+00:00","dateModified":"2022-03-22T17:09:09+00:00","breadcrumb":{"@id":"https:\/\/siktab.se\/#breadcrumb"},"inLanguage":"sv-SE","potentialAction":[{"@type":"ReadAction","target":["https:\/\/siktab.se\/"]}]},{"@type":"ImageObject","inLanguage":"sv-SE","@id":"https:\/\/siktab.se\/#primaryimage","url":"https:\/\/siktab.se\/wp-content\/uploads\/2022\/03\/SIKTAB-logga-PMS-v3.png","contentUrl":"https:\/\/siktab.se\/wp-content\/uploads\/2022\/03\/SIKTAB-logga-PMS-v3.png","width":1182,"height":452},{"@type":"BreadcrumbList","@id":"https:\/\/siktab.se\/#breadcrumb","itemListElement":[{"@type":"ListItem","position":1,"name":"Hem","item":"https:\/\/siktab.se\/"},{"@type":"ListItem","position":2,"name":"Hem"}]},{"@type":"WebSite","@id":"https:\/\/siktab.se\/#website","url":"https:\/\/siktab.se\/","name":"SIKT Svensk inspektion &amp; konsulttj\u00e4nst AB","description":"SIKT Svensk inspektion &amp; konsulttj\u00e4nst AB frosio inspekt\u00f6r","publisher":{"@id":"https:\/\/siktab.se\/#organization"},"potentialAction":[{"@type":"SearchAction","target":{"@type":"EntryPoint","urlTemplate":"https:\/\/siktab.se\/?s={search_term_string}"},"query-input":{"@type":"PropertyValueSpecification","valueRequired":true,"valueName":"search_term_string"}}],"inLanguage":"sv-SE"},{"@type":"Organization","@id":"https:\/\/siktab.se\/#organization","name":"Sikt Siktab Svensk inspektion & konsulttj\u00e4nst AB","url":"https:\/\/siktab.se\/","logo":{"@type":"ImageObject","inLanguage":"sv-SE","@id":"https:\/\/siktab.se\/#\/schema\/logo\/image\/","url":"https:\/\/siktab.se\/wp-content\/uploads\/2022\/03\/Logo-fran-pdf-2.png","contentUrl":"https:\/\/siktab.se\/wp-content\/uploads\/2022\/03\/Logo-fran-pdf-2.png","width":284,"height":109,"caption":"Sikt Siktab Svensk inspektion & konsulttj\u00e4nst AB"},"image":{"@id":"https:\/\/siktab.se\/#\/schema\/logo\/image\/"},"sameAs":["https:\/\/www.linkedin.com\/in\/j\u00f6rgen-persson-718261209\/"]}]}},"_links":{"self":[{"href":"https:\/\/siktab.se\/index.php?rest_route=\/wp\/v2\/pages\/5","targetHints":{"allow":["GET"]}}],"collection":[{"href":"https:\/\/siktab.se\/index.php?rest_route=\/wp\/v2\/pages"}],"about":[{"href":"https:\/\/siktab.se\/index.php?rest_route=\/wp\/v2\/types\/page"}],"author":[{"embeddable":true,"href":"https:\/\/siktab.se\/index.php?rest_route=\/wp\/v2\/users\/1"}],"replies":[{"embeddable":true,"href":"https:\/\/siktab.se\/index.php?rest_route=%2Fwp%2Fv2%2Fcomments&post=5"}],"version-history":[{"count":81,"href":"https:\/\/siktab.se\/index.php?rest_route=\/wp\/v2\/pages\/5\/revisions"}],"predecessor-version":[{"id":202,"href":"https:\/\/siktab.se\/index.php?rest_route=\/wp\/v2\/pages\/5\/revisions\/202"}],"wp:attachment":[{"href":"https:\/\/siktab.se\/index.php?rest_route=%2Fwp%2Fv2%2Fmedia&parent=5"}],"curies":[{"name":"wp","href":"https:\/\/api.w.org\/{rel}","templated":true}]}}