{"id":90,"date":"2022-03-12T09:21:48","date_gmt":"2022-03-12T08:21:48","guid":{"rendered":"https:\/\/siktab.se\/?page_id=90"},"modified":"2022-03-12T09:31:59","modified_gmt":"2022-03-12T08:31:59","slug":"gdpr","status":"publish","type":"page","link":"https:\/\/siktab.se\/?page_id=90","title":{"rendered":"GDPR"},"content":{"rendered":"\t\t<div data-elementor-type=\"wp-page\" data-elementor-id=\"90\" class=\"elementor elementor-90\">\n\t\t\t\t\t\t<section class=\"elementor-section elementor-top-section elementor-element elementor-element-7516806 elementor-section-boxed elementor-section-height-default elementor-section-height-default\" data-id=\"7516806\" data-element_type=\"section\" data-e-type=\"section\">\n\t\t\t\t\t\t<div class=\"elementor-container elementor-column-gap-default\">\n\t\t\t\t\t<div class=\"elementor-column elementor-col-100 elementor-top-column elementor-element elementor-element-ad27cd2\" data-id=\"ad27cd2\" data-element_type=\"column\" data-e-type=\"column\">\n\t\t\t<div class=\"elementor-widget-wrap elementor-element-populated\">\n\t\t\t\t\t\t<div class=\"elementor-element elementor-element-486531a elementor-widget elementor-widget-text-editor\" data-id=\"486531a\" data-element_type=\"widget\" data-e-type=\"widget\" data-widget_type=\"text-editor.default\">\n\t\t\t\t<div class=\"elementor-widget-container\">\n\t\t\t\t\t\t\t\t\t<p><u>GDPR<br><\/u><span style=\"color: var(--contrast); background-color: var(--base-3);\">Denna dataskyddspolicy informerar om hur Svensk inspektion &amp; konsulttj\u00e4nst AB anv\u00e4nder och hanterar personuppgifter i enlighet med r\u00e5dande lagstiftning och f\u00f6rordning.<\/span><\/p>\n<p><u>Hantering av personuppgifter<\/u><br>F\u00f6r att kunna bedriva aff\u00e4rsverksamhet, beh\u00f6ver SIKT behandla personuppgifter enligt nedan. SIKT g\u00f6r det med st\u00f6rsta h\u00e4nsyn till den enskildes integritet.<br><br><u>Insamling och anv\u00e4ndande av data<\/u><br>Information och anv\u00e4ndning av data som samlas in fr\u00e5n exempelvis webbplatser, kontaktuppgifter via e-mail och telefon samt kund- och leverant\u00f6rsm\u00f6ten \u00e4r t ex. namn p\u00e5 kontaktpersoner (referenser) och telefonnummer samt mailadresser tillh\u00f6rande kontaktpersonerna, arbetstitel och position i f\u00f6retaget, faktura- och leveransadresser, organisations\/personnummer, bankgiro, bankkontonummer. Detta f\u00f6r att kunna g\u00f6ra aff\u00e4rer med v\u00e5ra kunder och leverant\u00f6rer.<\/p>\n<p><u>Historik<\/u><br>Historiska personuppgifter s\u00e5som tidigare k\u00f6p av tj\u00e4nster, betalning och kredithistorik sparas i syfte f\u00f6r utv\u00e4rdering mm.<br><br><u>Kontakt med SIKT<br><\/u>Information utifr\u00e5n kontakt s\u00e5som f\u00f6rfr\u00e5gningar, presentation i f\u00f6rs\u00e4ljningssyfte eller andra anledningar sparas i den m\u00e5n det kan vara av intresse f\u00f6r verksamheten b\u00e5de i nutid men \u00e4ven i framtid.<br>Utl\u00e4mnande\/\u00f6verf\u00f6ring av personuppgifter<br>Vi kan komma att l\u00e4mna ut n\u00f6dv\u00e4ndig information till ber\u00f6rda myndigheter. Uppgifter kan \u00e4ven l\u00e4mnas ut till tredje part, exempelvis underleverant\u00f6rer, \u00e5terf\u00f6rs\u00e4ljare och distribut\u00f6rer f\u00f6r att kunna genomf\u00f6ra uppdraget. <br><br><u>Varaktighet f\u00f6r lagring<\/u><br>Information sparas s\u00e5 l\u00e4nge den \u00e4r n\u00f6dv\u00e4ndig f\u00f6r sitt syfte eller s\u00e5 l\u00e4nge det kr\u00e4vs enligt lag eller redovisningskrav.<br><br><u>\u00c5terkomst till dina personuppgifter<\/u><br>Personer som SIKT lagrar uppgifter om har r\u00e4tt att f\u00e5 tillg\u00e5ng till sina uppgifter och f\u00e5 felaktiga uppgifter r\u00e4ttade. Personer har r\u00e4tt att ta tillbaka sitt samtycke till insamling och f\u00e5 sina uppgifter raderade om inga lagliga hinder finns.<br><br><u>Ansvar<\/u><br>SIKT skall inte h\u00e5llas ansvarig f\u00f6r personuppgifter som kan komma att tillhandah\u00e5llas fr\u00e5n tredje part.<\/p>\t\t\t\t\t\t\t\t<\/div>\n\t\t\t\t<\/div>\n\t\t\t\t\t<\/div>\n\t\t<\/div>\n\t\t\t\t\t<\/div>\n\t\t<\/section>\n\t\t\t\t<\/div>\n\t\t","protected":false},"excerpt":{"rendered":"<p>GDPRDenna dataskyddspolicy informerar om hur Svensk inspektion &amp; konsulttj\u00e4nst AB anv\u00e4nder och hanterar personuppgifter i enlighet med r\u00e5dande lagstiftning och f\u00f6rordning. Hantering av personuppgifterF\u00f6r att kunna bedriva aff\u00e4rsverksamhet, beh\u00f6ver SIKT behandla personuppgifter enligt nedan. SIKT g\u00f6r det med st\u00f6rsta h\u00e4nsyn till den enskildes integritet. Insamling och anv\u00e4ndande av dataInformation och anv\u00e4ndning av data som samlas &#8230; <a title=\"GDPR\" class=\"read-more\" href=\"https:\/\/siktab.se\/?page_id=90\" aria-label=\"L\u00e4s mer om GDPR\">L\u00e4s mer<\/a><\/p>\n","protected":false},"author":1,"featured_media":0,"parent":0,"menu_order":0,"comment_status":"closed","ping_status":"closed","template":"","meta":{"footnotes":""},"class_list":["post-90","page","type-page","status-publish"],"yoast_head":"<!-- This site is optimized with the Yoast SEO plugin v27.3 - https:\/\/yoast.com\/product\/yoast-seo-wordpress\/ -->\n<title>GDPR - SIKT Svensk inspektion &amp; konsulttj\u00e4nst AB<\/title>\n<meta name=\"robots\" content=\"index, follow, max-snippet:-1, max-image-preview:large, max-video-preview:-1\" \/>\n<link rel=\"canonical\" href=\"https:\/\/siktab.se\/?page_id=90\" \/>\n<meta property=\"og:locale\" content=\"sv_SE\" \/>\n<meta property=\"og:type\" content=\"article\" \/>\n<meta property=\"og:title\" content=\"GDPR - SIKT Svensk inspektion &amp; konsulttj\u00e4nst AB\" \/>\n<meta property=\"og:description\" content=\"GDPRDenna dataskyddspolicy informerar om hur Svensk inspektion &amp; konsulttj\u00e4nst AB anv\u00e4nder och hanterar personuppgifter i enlighet med r\u00e5dande lagstiftning och f\u00f6rordning. Hantering av personuppgifterF\u00f6r att kunna bedriva aff\u00e4rsverksamhet, beh\u00f6ver SIKT behandla personuppgifter enligt nedan. SIKT g\u00f6r det med st\u00f6rsta h\u00e4nsyn till den enskildes integritet. Insamling och anv\u00e4ndande av dataInformation och anv\u00e4ndning av data som samlas ... L\u00e4s mer\" \/>\n<meta property=\"og:url\" content=\"https:\/\/siktab.se\/?page_id=90\" \/>\n<meta property=\"og:site_name\" content=\"SIKT Svensk inspektion &amp; konsulttj\u00e4nst AB\" \/>\n<meta property=\"article:modified_time\" content=\"2022-03-12T08:31:59+00:00\" \/>\n<meta name=\"twitter:card\" content=\"summary_large_image\" \/>\n<meta name=\"twitter:label1\" content=\"Ber\u00e4knad l\u00e4stid\" \/>\n\t<meta name=\"twitter:data1\" content=\"2 minuter\" \/>\n<script type=\"application\/ld+json\" class=\"yoast-schema-graph\">{\"@context\":\"https:\\\/\\\/schema.org\",\"@graph\":[{\"@type\":\"WebPage\",\"@id\":\"https:\\\/\\\/siktab.se\\\/?page_id=90\",\"url\":\"https:\\\/\\\/siktab.se\\\/?page_id=90\",\"name\":\"GDPR - SIKT Svensk inspektion &amp; konsulttj\u00e4nst AB\",\"isPartOf\":{\"@id\":\"https:\\\/\\\/siktab.se\\\/#website\"},\"datePublished\":\"2022-03-12T08:21:48+00:00\",\"dateModified\":\"2022-03-12T08:31:59+00:00\",\"breadcrumb\":{\"@id\":\"https:\\\/\\\/siktab.se\\\/?page_id=90#breadcrumb\"},\"inLanguage\":\"sv-SE\",\"potentialAction\":[{\"@type\":\"ReadAction\",\"target\":[\"https:\\\/\\\/siktab.se\\\/?page_id=90\"]}]},{\"@type\":\"BreadcrumbList\",\"@id\":\"https:\\\/\\\/siktab.se\\\/?page_id=90#breadcrumb\",\"itemListElement\":[{\"@type\":\"ListItem\",\"position\":1,\"name\":\"Hem\",\"item\":\"https:\\\/\\\/siktab.se\\\/\"},{\"@type\":\"ListItem\",\"position\":2,\"name\":\"GDPR\"}]},{\"@type\":\"WebSite\",\"@id\":\"https:\\\/\\\/siktab.se\\\/#website\",\"url\":\"https:\\\/\\\/siktab.se\\\/\",\"name\":\"SIKT Svensk inspektion &amp; konsulttj\u00e4nst AB\",\"description\":\"SIKT Svensk inspektion &amp; konsulttj\u00e4nst AB frosio inspekt\u00f6r\",\"publisher\":{\"@id\":\"https:\\\/\\\/siktab.se\\\/#organization\"},\"potentialAction\":[{\"@type\":\"SearchAction\",\"target\":{\"@type\":\"EntryPoint\",\"urlTemplate\":\"https:\\\/\\\/siktab.se\\\/?s={search_term_string}\"},\"query-input\":{\"@type\":\"PropertyValueSpecification\",\"valueRequired\":true,\"valueName\":\"search_term_string\"}}],\"inLanguage\":\"sv-SE\"},{\"@type\":\"Organization\",\"@id\":\"https:\\\/\\\/siktab.se\\\/#organization\",\"name\":\"Sikt Siktab Svensk inspektion & konsulttj\u00e4nst AB\",\"url\":\"https:\\\/\\\/siktab.se\\\/\",\"logo\":{\"@type\":\"ImageObject\",\"inLanguage\":\"sv-SE\",\"@id\":\"https:\\\/\\\/siktab.se\\\/#\\\/schema\\\/logo\\\/image\\\/\",\"url\":\"https:\\\/\\\/siktab.se\\\/wp-content\\\/uploads\\\/2022\\\/03\\\/Logo-fran-pdf-2.png\",\"contentUrl\":\"https:\\\/\\\/siktab.se\\\/wp-content\\\/uploads\\\/2022\\\/03\\\/Logo-fran-pdf-2.png\",\"width\":284,\"height\":109,\"caption\":\"Sikt Siktab Svensk inspektion & konsulttj\u00e4nst AB\"},\"image\":{\"@id\":\"https:\\\/\\\/siktab.se\\\/#\\\/schema\\\/logo\\\/image\\\/\"},\"sameAs\":[\"https:\\\/\\\/www.linkedin.com\\\/in\\\/j\u00f6rgen-persson-718261209\\\/\"]}]}<\/script>\n<!-- \/ Yoast SEO plugin. -->","yoast_head_json":{"title":"GDPR - SIKT Svensk inspektion &amp; konsulttj\u00e4nst AB","robots":{"index":"index","follow":"follow","max-snippet":"max-snippet:-1","max-image-preview":"max-image-preview:large","max-video-preview":"max-video-preview:-1"},"canonical":"https:\/\/siktab.se\/?page_id=90","og_locale":"sv_SE","og_type":"article","og_title":"GDPR - SIKT Svensk inspektion &amp; konsulttj\u00e4nst AB","og_description":"GDPRDenna dataskyddspolicy informerar om hur Svensk inspektion &amp; konsulttj\u00e4nst AB anv\u00e4nder och hanterar personuppgifter i enlighet med r\u00e5dande lagstiftning och f\u00f6rordning. Hantering av personuppgifterF\u00f6r att kunna bedriva aff\u00e4rsverksamhet, beh\u00f6ver SIKT behandla personuppgifter enligt nedan. SIKT g\u00f6r det med st\u00f6rsta h\u00e4nsyn till den enskildes integritet. Insamling och anv\u00e4ndande av dataInformation och anv\u00e4ndning av data som samlas ... L\u00e4s mer","og_url":"https:\/\/siktab.se\/?page_id=90","og_site_name":"SIKT Svensk inspektion &amp; konsulttj\u00e4nst AB","article_modified_time":"2022-03-12T08:31:59+00:00","twitter_card":"summary_large_image","twitter_misc":{"Ber\u00e4knad l\u00e4stid":"2 minuter"},"schema":{"@context":"https:\/\/schema.org","@graph":[{"@type":"WebPage","@id":"https:\/\/siktab.se\/?page_id=90","url":"https:\/\/siktab.se\/?page_id=90","name":"GDPR - SIKT Svensk inspektion &amp; konsulttj\u00e4nst AB","isPartOf":{"@id":"https:\/\/siktab.se\/#website"},"datePublished":"2022-03-12T08:21:48+00:00","dateModified":"2022-03-12T08:31:59+00:00","breadcrumb":{"@id":"https:\/\/siktab.se\/?page_id=90#breadcrumb"},"inLanguage":"sv-SE","potentialAction":[{"@type":"ReadAction","target":["https:\/\/siktab.se\/?page_id=90"]}]},{"@type":"BreadcrumbList","@id":"https:\/\/siktab.se\/?page_id=90#breadcrumb","itemListElement":[{"@type":"ListItem","position":1,"name":"Hem","item":"https:\/\/siktab.se\/"},{"@type":"ListItem","position":2,"name":"GDPR"}]},{"@type":"WebSite","@id":"https:\/\/siktab.se\/#website","url":"https:\/\/siktab.se\/","name":"SIKT Svensk inspektion &amp; konsulttj\u00e4nst AB","description":"SIKT Svensk inspektion &amp; konsulttj\u00e4nst AB frosio inspekt\u00f6r","publisher":{"@id":"https:\/\/siktab.se\/#organization"},"potentialAction":[{"@type":"SearchAction","target":{"@type":"EntryPoint","urlTemplate":"https:\/\/siktab.se\/?s={search_term_string}"},"query-input":{"@type":"PropertyValueSpecification","valueRequired":true,"valueName":"search_term_string"}}],"inLanguage":"sv-SE"},{"@type":"Organization","@id":"https:\/\/siktab.se\/#organization","name":"Sikt Siktab Svensk inspektion & konsulttj\u00e4nst AB","url":"https:\/\/siktab.se\/","logo":{"@type":"ImageObject","inLanguage":"sv-SE","@id":"https:\/\/siktab.se\/#\/schema\/logo\/image\/","url":"https:\/\/siktab.se\/wp-content\/uploads\/2022\/03\/Logo-fran-pdf-2.png","contentUrl":"https:\/\/siktab.se\/wp-content\/uploads\/2022\/03\/Logo-fran-pdf-2.png","width":284,"height":109,"caption":"Sikt Siktab Svensk inspektion & konsulttj\u00e4nst AB"},"image":{"@id":"https:\/\/siktab.se\/#\/schema\/logo\/image\/"},"sameAs":["https:\/\/www.linkedin.com\/in\/j\u00f6rgen-persson-718261209\/"]}]}},"_links":{"self":[{"href":"https:\/\/siktab.se\/index.php?rest_route=\/wp\/v2\/pages\/90","targetHints":{"allow":["GET"]}}],"collection":[{"href":"https:\/\/siktab.se\/index.php?rest_route=\/wp\/v2\/pages"}],"about":[{"href":"https:\/\/siktab.se\/index.php?rest_route=\/wp\/v2\/types\/page"}],"author":[{"embeddable":true,"href":"https:\/\/siktab.se\/index.php?rest_route=\/wp\/v2\/users\/1"}],"replies":[{"embeddable":true,"href":"https:\/\/siktab.se\/index.php?rest_route=%2Fwp%2Fv2%2Fcomments&post=90"}],"version-history":[{"count":11,"href":"https:\/\/siktab.se\/index.php?rest_route=\/wp\/v2\/pages\/90\/revisions"}],"predecessor-version":[{"id":126,"href":"https:\/\/siktab.se\/index.php?rest_route=\/wp\/v2\/pages\/90\/revisions\/126"}],"wp:attachment":[{"href":"https:\/\/siktab.se\/index.php?rest_route=%2Fwp%2Fv2%2Fmedia&parent=90"}],"curies":[{"name":"wp","href":"https:\/\/api.w.org\/{rel}","templated":true}]}}